{"id":22,"date":"2023-01-27T20:22:06","date_gmt":"2023-01-27T20:22:06","guid":{"rendered":"https:\/\/innere-medizin-stremmel.de\/?page_id=22"},"modified":"2023-01-27T21:52:26","modified_gmt":"2023-01-27T21:52:26","slug":"hepatologie","status":"publish","type":"page","link":"https:\/\/innere-medizin-stremmel.de\/?page_id=22","title":{"rendered":"Hepatologie"},"content":{"rendered":"\t\t<div data-elementor-type=\"wp-page\" data-elementor-id=\"22\" class=\"elementor elementor-22\">\n\t\t\t\t\t\t<section class=\"elementor-section elementor-top-section elementor-element elementor-element-2009b36 elementor-section-boxed elementor-section-height-default elementor-section-height-default\" data-id=\"2009b36\" data-element_type=\"section\">\n\t\t\t\t\t\t<div class=\"elementor-container elementor-column-gap-default\">\n\t\t\t\t\t<div class=\"elementor-column elementor-col-100 elementor-top-column elementor-element elementor-element-4bb358a\" data-id=\"4bb358a\" data-element_type=\"column\">\n\t\t\t<div class=\"elementor-widget-wrap elementor-element-populated\">\n\t\t\t\t\t\t<div class=\"elementor-element elementor-element-5a1cdb4 elementor-widget elementor-widget-spacer\" data-id=\"5a1cdb4\" data-element_type=\"widget\" data-widget_type=\"spacer.default\">\n\t\t\t\t<div class=\"elementor-widget-container\">\n\t\t\t<style>\/*! elementor - v3.23.0 - 05-08-2024 *\/\n.elementor-column .elementor-spacer-inner{height:var(--spacer-size)}.e-con{--container-widget-width:100%}.e-con-inner>.elementor-widget-spacer,.e-con>.elementor-widget-spacer{width:var(--container-widget-width,var(--spacer-size));--align-self:var(--container-widget-align-self,initial);--flex-shrink:0}.e-con-inner>.elementor-widget-spacer>.elementor-widget-container,.e-con>.elementor-widget-spacer>.elementor-widget-container{height:100%;width:100%}.e-con-inner>.elementor-widget-spacer>.elementor-widget-container>.elementor-spacer,.e-con>.elementor-widget-spacer>.elementor-widget-container>.elementor-spacer{height:100%}.e-con-inner>.elementor-widget-spacer>.elementor-widget-container>.elementor-spacer>.elementor-spacer-inner,.e-con>.elementor-widget-spacer>.elementor-widget-container>.elementor-spacer>.elementor-spacer-inner{height:var(--container-widget-height,var(--spacer-size))}.e-con-inner>.elementor-widget-spacer.elementor-widget-empty,.e-con>.elementor-widget-spacer.elementor-widget-empty{position:relative;min-height:22px;min-width:22px}.e-con-inner>.elementor-widget-spacer.elementor-widget-empty .elementor-widget-empty-icon,.e-con>.elementor-widget-spacer.elementor-widget-empty .elementor-widget-empty-icon{position:absolute;top:0;bottom:0;left:0;right:0;margin:auto;padding:0;width:22px;height:22px}<\/style>\t\t<div class=\"elementor-spacer\">\n\t\t\t<div class=\"elementor-spacer-inner\"><\/div>\n\t\t<\/div>\n\t\t\t\t<\/div>\n\t\t\t\t<\/div>\n\t\t\t\t<div class=\"elementor-element elementor-element-d5b214d elementor-widget elementor-widget-heading\" data-id=\"d5b214d\" data-element_type=\"widget\" data-widget_type=\"heading.default\">\n\t\t\t\t<div class=\"elementor-widget-container\">\n\t\t\t<style>\/*! elementor - v3.23.0 - 05-08-2024 *\/\n.elementor-heading-title{padding:0;margin:0;line-height:1}.elementor-widget-heading .elementor-heading-title[class*=elementor-size-]>a{color:inherit;font-size:inherit;line-height:inherit}.elementor-widget-heading .elementor-heading-title.elementor-size-small{font-size:15px}.elementor-widget-heading .elementor-heading-title.elementor-size-medium{font-size:19px}.elementor-widget-heading .elementor-heading-title.elementor-size-large{font-size:29px}.elementor-widget-heading .elementor-heading-title.elementor-size-xl{font-size:39px}.elementor-widget-heading .elementor-heading-title.elementor-size-xxl{font-size:59px}<\/style><h2 class=\"elementor-heading-title elementor-size-default\">Hepatologie<\/h2>\t\t<\/div>\n\t\t\t\t<\/div>\n\t\t\t\t<div class=\"elementor-element elementor-element-74ea9b2 elementor-widget elementor-widget-text-editor\" data-id=\"74ea9b2\" data-element_type=\"widget\" data-widget_type=\"text-editor.default\">\n\t\t\t\t<div class=\"elementor-widget-container\">\n\t\t\t<style>\/*! elementor - v3.23.0 - 05-08-2024 *\/\n.elementor-widget-text-editor.elementor-drop-cap-view-stacked .elementor-drop-cap{background-color:#69727d;color:#fff}.elementor-widget-text-editor.elementor-drop-cap-view-framed .elementor-drop-cap{color:#69727d;border:3px solid;background-color:transparent}.elementor-widget-text-editor:not(.elementor-drop-cap-view-default) .elementor-drop-cap{margin-top:8px}.elementor-widget-text-editor:not(.elementor-drop-cap-view-default) .elementor-drop-cap-letter{width:1em;height:1em}.elementor-widget-text-editor .elementor-drop-cap{float:left;text-align:center;line-height:1;font-size:50px}.elementor-widget-text-editor .elementor-drop-cap-letter{display:inline-block}<\/style>\t\t\t\t<p>Die Hepatologie ist ein Spezialgebiet der Gastroenterologie und befasst sich mit den Krankheiten der Leber. Im Gegensatz zu den \u00fcbrigen Erkrankungen der Gastroenterologie, verlaufen die Lebererkrankungen in der Regel zun\u00e4chst unbemerkt und werden zuf\u00e4llig entdeckt (erh\u00f6hte Leberwerte, Vorsorgeuntersuchungen). Die Lebererkrankungen werden ansonsten erst bemerkt, wenn die Leber bereits sehr schwer gesch\u00e4digt ist (Leberversagen). Ein Leberversagen kann sich beispielsweise durch Bauchwasser (Aszites), M\u00fcdigkeit (hepatische Enzephalopathie) oder Gelbf\u00e4rbung der Haut und der Augen (Ikterus) \u00e4u\u00dfern.<\/p><p>Im Endstadium einer Lebererkrankung ist h\u00e4ufig eine Lebertransplantation erforderlich. Daher sollten die Lebererkrankungen bereits m\u00f6glichst fr\u00fch diagnostiziert und behandelt werden. Zu den h\u00e4ufigsten und wichtigsten Lebererkrankungen z\u00e4hlen:<\/p><ul><li>Chronische Virushepatitis B und C<\/li><li>Fettleber\u00a0(durch Alkohol oder im Rahmen einer Fettstoffwechselst\u00f6rung)<\/li><li>H\u00e4mochromatose\u00a0(genetische Eisenspeicherkrankheit)<\/li><li>Morbus Wilson \u00a0(Kupferspeichererkrankung)<\/li><\/ul><p>Vergleichsweise seltene Lebererkrankungen sind dagegen die\u00a0<strong>Autoimmunerkrankungen\u00a0<\/strong>(prim\u00e4r sklerosierende Cholangitis, prim\u00e4r bili\u00e4re Cirrhose, Autoimmunhepatitis) und die seltenen\u00a0<strong>erblichen Stoffwechselst\u00f6rungen<\/strong>.<\/p><p>Die Diagnose einer Lebererkrankung kann in der Regel durch Laboruntersuchungen gestellt werden. Eine Leberbiopsie ist nur selten erforderlich. Das Ausma\u00df einer Lebersch\u00e4digung kann durch Blut- und Ultraschalluntersuchungen der Leber abgesch\u00e4tzt werden (Zeichen einer Leberzirrhose).<\/p><p>Die Diagnostik und Therapie von Lebererkrankungen ist eins unserer Spezialgebiete.<\/p><p>Am Universit\u00e4tsklinikum Heidelberg erwarben wir Erfahrung in der Behandlung von Patienten vor und nach Lebertransplantation. In enger Kooperation mit dem Transplantationszentrum Heidelberg erfolgt die Indikationsstellung und Vorbereitung zur Lebertransplantation sowie die Nachsorge.<\/p>\t\t\t\t\t\t<\/div>\n\t\t\t\t<\/div>\n\t\t\t\t<div class=\"elementor-element elementor-element-f80a969 elementor-widget elementor-widget-spacer\" data-id=\"f80a969\" data-element_type=\"widget\" data-widget_type=\"spacer.default\">\n\t\t\t\t<div class=\"elementor-widget-container\">\n\t\t\t\t\t<div class=\"elementor-spacer\">\n\t\t\t<div class=\"elementor-spacer-inner\"><\/div>\n\t\t<\/div>\n\t\t\t\t<\/div>\n\t\t\t\t<\/div>\n\t\t\t\t\t<\/div>\n\t\t<\/div>\n\t\t\t\t\t<\/div>\n\t\t<\/section>\n\t\t\t\t<\/div>\n\t\t","protected":false},"excerpt":{"rendered":"<p>Hepatologie Die Hepatologie ist ein Spezialgebiet der Gastroenterologie und befasst sich mit den Krankheiten der Leber. Im Gegensatz zu den \u00fcbrigen Erkrankungen der Gastroenterologie, verlaufen die Lebererkrankungen in der Regel zun\u00e4chst unbemerkt und werden zuf\u00e4llig entdeckt (erh\u00f6hte Leberwerte, Vorsorgeuntersuchungen). Die Lebererkrankungen werden ansonsten erst bemerkt, wenn die Leber bereits sehr schwer gesch\u00e4digt ist (Leberversagen). Ein [&hellip;]<\/p>\n","protected":false},"author":1,"featured_media":0,"parent":0,"menu_order":0,"comment_status":"closed","ping_status":"closed","template":"","meta":[],"_links":{"self":[{"href":"https:\/\/innere-medizin-stremmel.de\/index.php?rest_route=\/wp\/v2\/pages\/22"}],"collection":[{"href":"https:\/\/innere-medizin-stremmel.de\/index.php?rest_route=\/wp\/v2\/pages"}],"about":[{"href":"https:\/\/innere-medizin-stremmel.de\/index.php?rest_route=\/wp\/v2\/types\/page"}],"author":[{"embeddable":true,"href":"https:\/\/innere-medizin-stremmel.de\/index.php?rest_route=\/wp\/v2\/users\/1"}],"replies":[{"embeddable":true,"href":"https:\/\/innere-medizin-stremmel.de\/index.php?rest_route=%2Fwp%2Fv2%2Fcomments&post=22"}],"version-history":[{"count":4,"href":"https:\/\/innere-medizin-stremmel.de\/index.php?rest_route=\/wp\/v2\/pages\/22\/revisions"}],"predecessor-version":[{"id":120,"href":"https:\/\/innere-medizin-stremmel.de\/index.php?rest_route=\/wp\/v2\/pages\/22\/revisions\/120"}],"wp:attachment":[{"href":"https:\/\/innere-medizin-stremmel.de\/index.php?rest_route=%2Fwp%2Fv2%2Fmedia&parent=22"}],"curies":[{"name":"wp","href":"https:\/\/api.w.org\/{rel}","templated":true}]}}