{"id":20,"date":"2023-01-27T20:21:38","date_gmt":"2023-01-27T20:21:38","guid":{"rendered":"https:\/\/innere-medizin-stremmel.de\/?page_id=20"},"modified":"2023-01-27T21:49:55","modified_gmt":"2023-01-27T21:49:55","slug":"gastroenterologie","status":"publish","type":"page","link":"https:\/\/innere-medizin-stremmel.de\/?page_id=20","title":{"rendered":"Gastroenterologie"},"content":{"rendered":"\t\t<div data-elementor-type=\"wp-page\" data-elementor-id=\"20\" class=\"elementor elementor-20\">\n\t\t\t\t\t\t<section class=\"elementor-section elementor-top-section elementor-element elementor-element-8ac4771 elementor-section-boxed elementor-section-height-default elementor-section-height-default\" data-id=\"8ac4771\" data-element_type=\"section\">\n\t\t\t\t\t\t<div class=\"elementor-container elementor-column-gap-default\">\n\t\t\t\t\t<div class=\"elementor-column elementor-col-100 elementor-top-column elementor-element elementor-element-aba115b\" data-id=\"aba115b\" data-element_type=\"column\">\n\t\t\t<div class=\"elementor-widget-wrap elementor-element-populated\">\n\t\t\t\t\t\t<div class=\"elementor-element elementor-element-6b938f4 elementor-widget elementor-widget-spacer\" data-id=\"6b938f4\" data-element_type=\"widget\" data-widget_type=\"spacer.default\">\n\t\t\t\t<div class=\"elementor-widget-container\">\n\t\t\t<style>\/*! elementor - v3.23.0 - 05-08-2024 *\/\n.elementor-column .elementor-spacer-inner{height:var(--spacer-size)}.e-con{--container-widget-width:100%}.e-con-inner>.elementor-widget-spacer,.e-con>.elementor-widget-spacer{width:var(--container-widget-width,var(--spacer-size));--align-self:var(--container-widget-align-self,initial);--flex-shrink:0}.e-con-inner>.elementor-widget-spacer>.elementor-widget-container,.e-con>.elementor-widget-spacer>.elementor-widget-container{height:100%;width:100%}.e-con-inner>.elementor-widget-spacer>.elementor-widget-container>.elementor-spacer,.e-con>.elementor-widget-spacer>.elementor-widget-container>.elementor-spacer{height:100%}.e-con-inner>.elementor-widget-spacer>.elementor-widget-container>.elementor-spacer>.elementor-spacer-inner,.e-con>.elementor-widget-spacer>.elementor-widget-container>.elementor-spacer>.elementor-spacer-inner{height:var(--container-widget-height,var(--spacer-size))}.e-con-inner>.elementor-widget-spacer.elementor-widget-empty,.e-con>.elementor-widget-spacer.elementor-widget-empty{position:relative;min-height:22px;min-width:22px}.e-con-inner>.elementor-widget-spacer.elementor-widget-empty .elementor-widget-empty-icon,.e-con>.elementor-widget-spacer.elementor-widget-empty .elementor-widget-empty-icon{position:absolute;top:0;bottom:0;left:0;right:0;margin:auto;padding:0;width:22px;height:22px}<\/style>\t\t<div class=\"elementor-spacer\">\n\t\t\t<div class=\"elementor-spacer-inner\"><\/div>\n\t\t<\/div>\n\t\t\t\t<\/div>\n\t\t\t\t<\/div>\n\t\t\t\t<div class=\"elementor-element elementor-element-2870e90 elementor-widget elementor-widget-heading\" data-id=\"2870e90\" data-element_type=\"widget\" data-widget_type=\"heading.default\">\n\t\t\t\t<div class=\"elementor-widget-container\">\n\t\t\t<style>\/*! elementor - v3.23.0 - 05-08-2024 *\/\n.elementor-heading-title{padding:0;margin:0;line-height:1}.elementor-widget-heading .elementor-heading-title[class*=elementor-size-]>a{color:inherit;font-size:inherit;line-height:inherit}.elementor-widget-heading .elementor-heading-title.elementor-size-small{font-size:15px}.elementor-widget-heading .elementor-heading-title.elementor-size-medium{font-size:19px}.elementor-widget-heading .elementor-heading-title.elementor-size-large{font-size:29px}.elementor-widget-heading .elementor-heading-title.elementor-size-xl{font-size:39px}.elementor-widget-heading .elementor-heading-title.elementor-size-xxl{font-size:59px}<\/style><h2 class=\"elementor-heading-title elementor-size-default\">Gastroenterologie<\/h2>\t\t<\/div>\n\t\t\t\t<\/div>\n\t\t\t\t<div class=\"elementor-element elementor-element-fdda5df elementor-widget elementor-widget-text-editor\" data-id=\"fdda5df\" data-element_type=\"widget\" data-widget_type=\"text-editor.default\">\n\t\t\t\t<div class=\"elementor-widget-container\">\n\t\t\t<style>\/*! elementor - v3.23.0 - 05-08-2024 *\/\n.elementor-widget-text-editor.elementor-drop-cap-view-stacked .elementor-drop-cap{background-color:#69727d;color:#fff}.elementor-widget-text-editor.elementor-drop-cap-view-framed .elementor-drop-cap{color:#69727d;border:3px solid;background-color:transparent}.elementor-widget-text-editor:not(.elementor-drop-cap-view-default) .elementor-drop-cap{margin-top:8px}.elementor-widget-text-editor:not(.elementor-drop-cap-view-default) .elementor-drop-cap-letter{width:1em;height:1em}.elementor-widget-text-editor .elementor-drop-cap{float:left;text-align:center;line-height:1;font-size:50px}.elementor-widget-text-editor .elementor-drop-cap-letter{display:inline-block}<\/style>\t\t\t\t<p>Ein wesentlicher Schwerpunkt unserer T\u00e4tigkeit ist die Diagnostik und Therapie der Erkrankungen des Magen-Darm-Traktes.<\/p><p>Viele Erkrankungen k\u00f6nnen auch ohne endoskopische Untersuchungen abgekl\u00e4rt werden. Wir f\u00fchren auch Tests zur Abkl\u00e4rung der wichtigsten Nahrungsmittelunvertr\u00e4glichkeiten durch.<\/p><p>In unseren Sprechstunden betreuen wir eine gro\u00dfe Anzahl an Patienten mit chronischen entz\u00fcndlichen Darmerkrankungen (M. Crohn und Colitis ulcerosa).<\/p><p>\u00a0<\/p><p>Die Gastroenterologie befasst sich mit den Krankheiten des Magen-Darm-Traktes. Neben Erkrankungen der Speiser\u00f6hre, des Magens, des Darmes, der Bauchspeicheldr\u00fcse und der Gallenblase z\u00e4hlen auch die Leberkrankungen zu der Gastroenterologie. Bei den Lebererkrankungen handelt es sich aber um ein eigenes Spezialgebiet, das auch als Hepatologie bezeichnet wird. Die gastroenterologische Diagnostik richtet sich nach dem individuellen Beschwerdebild. Durch Ultraschalluntersuchungen des Bauchraumes, Blut- und Stuhluntersuchungen kann den Beschwerden in der Regel eine Diagnose zugeordnet werden. Die weitere Therapie richtet sich dann nach dieser Diagnose. Im Bedarfsfall sind im Medical Center bei Fachkollegen auch endoskopische und moderne Bildgebungsverfahren (z.B. MRT und CT) verf\u00fcgbar. Erfahrungsgem\u00e4\u00df sind folgende Erkrankungen bzw. Unvertr\u00e4glichkeiten h\u00e4ufig Ursache von Beschwerden im Magen-Darmtrakt:<\/p><ul><li>Nahrungsmittelunvertr\u00e4glichkeiten (Sprue, Laktoseintoleranz, Fruktose- und\/oder Sorbit-Malabsorption)<\/li><li>Chronisch entz\u00fcndliche Darmerkrankungen (Morbus Crohn oder Colitis ulcerosa)<\/li><li>Chronische oder akute Infektionskrankheiten (Helicobacter pylori, M. Whipple, infekti\u00f6se Colitis, Soor usw.)<\/li><li>Erkrankungen der Speiser\u00f6hre (Hiatushernie, Reflux\u00f6sophagitis, Tumore)<\/li><li>Erkrankungen des Magens (akute und chronische Gastritis, Geschw\u00fcre, Tumore)<\/li><li>Erkrankungen des Dickdarmes (Divertikulitis, Tumorerkrankungen)<\/li><li>Erkrankungen der Bauchspeicheldr\u00fcse (chronische oder akute Pankreatitis, Tumore)<\/li><li>Erkrankungen der Gallenblase (Steine, akute Cholezystitis und Gallenwegsentz\u00fcndungen)<\/li><\/ul><p>Allerdings k\u00f6nnen auch Erkranungen anderer Organe Beschwerden im Magen-Darmtrakt hervorrufen. Hierzu z\u00e4hlen bespielsweise Herzerkrankungen (Herzinfarkt, Stauung bei Herzversagen), Stoffwechselerkrankungen und Erkrankungen der Wirbels\u00e4ule (Bandscheibenvorfall, Wirbelblockade).<\/p>\t\t\t\t\t\t<\/div>\n\t\t\t\t<\/div>\n\t\t\t\t<div class=\"elementor-element elementor-element-704dae9 elementor-widget elementor-widget-spacer\" data-id=\"704dae9\" data-element_type=\"widget\" data-widget_type=\"spacer.default\">\n\t\t\t\t<div class=\"elementor-widget-container\">\n\t\t\t\t\t<div class=\"elementor-spacer\">\n\t\t\t<div class=\"elementor-spacer-inner\"><\/div>\n\t\t<\/div>\n\t\t\t\t<\/div>\n\t\t\t\t<\/div>\n\t\t\t\t\t<\/div>\n\t\t<\/div>\n\t\t\t\t\t<\/div>\n\t\t<\/section>\n\t\t\t\t<\/div>\n\t\t","protected":false},"excerpt":{"rendered":"<p>Gastroenterologie Ein wesentlicher Schwerpunkt unserer T\u00e4tigkeit ist die Diagnostik und Therapie der Erkrankungen des Magen-Darm-Traktes. Viele Erkrankungen k\u00f6nnen auch ohne endoskopische Untersuchungen abgekl\u00e4rt werden. Wir f\u00fchren auch Tests zur Abkl\u00e4rung der wichtigsten Nahrungsmittelunvertr\u00e4glichkeiten durch. In unseren Sprechstunden betreuen wir eine gro\u00dfe Anzahl an Patienten mit chronischen entz\u00fcndlichen Darmerkrankungen (M. Crohn und Colitis ulcerosa). \u00a0 Die [&hellip;]<\/p>\n","protected":false},"author":1,"featured_media":0,"parent":0,"menu_order":0,"comment_status":"closed","ping_status":"closed","template":"","meta":[],"_links":{"self":[{"href":"https:\/\/innere-medizin-stremmel.de\/index.php?rest_route=\/wp\/v2\/pages\/20"}],"collection":[{"href":"https:\/\/innere-medizin-stremmel.de\/index.php?rest_route=\/wp\/v2\/pages"}],"about":[{"href":"https:\/\/innere-medizin-stremmel.de\/index.php?rest_route=\/wp\/v2\/types\/page"}],"author":[{"embeddable":true,"href":"https:\/\/innere-medizin-stremmel.de\/index.php?rest_route=\/wp\/v2\/users\/1"}],"replies":[{"embeddable":true,"href":"https:\/\/innere-medizin-stremmel.de\/index.php?rest_route=%2Fwp%2Fv2%2Fcomments&post=20"}],"version-history":[{"count":4,"href":"https:\/\/innere-medizin-stremmel.de\/index.php?rest_route=\/wp\/v2\/pages\/20\/revisions"}],"predecessor-version":[{"id":117,"href":"https:\/\/innere-medizin-stremmel.de\/index.php?rest_route=\/wp\/v2\/pages\/20\/revisions\/117"}],"wp:attachment":[{"href":"https:\/\/innere-medizin-stremmel.de\/index.php?rest_route=%2Fwp%2Fv2%2Fmedia&parent=20"}],"curies":[{"name":"wp","href":"https:\/\/api.w.org\/{rel}","templated":true}]}}