{"id":18,"date":"2023-01-27T20:20:44","date_gmt":"2023-01-27T20:20:44","guid":{"rendered":"https:\/\/innere-medizin-stremmel.de\/?page_id=18"},"modified":"2026-04-02T19:08:02","modified_gmt":"2026-04-02T19:08:02","slug":"leistungen","status":"publish","type":"page","link":"https:\/\/innere-medizin-stremmel.de\/?page_id=18","title":{"rendered":"Leistungen"},"content":{"rendered":"\t\t<div data-elementor-type=\"wp-page\" data-elementor-id=\"18\" class=\"elementor elementor-18\">\n\t\t\t\t\t\t<section class=\"elementor-section elementor-top-section elementor-element elementor-element-ff2dce0 elementor-section-boxed elementor-section-height-default elementor-section-height-default\" data-id=\"ff2dce0\" data-element_type=\"section\" data-settings=\"{&quot;background_background&quot;:&quot;gradient&quot;}\">\n\t\t\t\t\t\t<div class=\"elementor-container elementor-column-gap-default\">\n\t\t\t\t\t<div class=\"elementor-column elementor-col-100 elementor-top-column elementor-element elementor-element-e51cd19\" data-id=\"e51cd19\" data-element_type=\"column\">\n\t\t\t<div class=\"elementor-widget-wrap elementor-element-populated\">\n\t\t\t\t\t\t<div class=\"elementor-element elementor-element-a61aba3 elementor-widget elementor-widget-spacer\" data-id=\"a61aba3\" data-element_type=\"widget\" data-widget_type=\"spacer.default\">\n\t\t\t\t<div class=\"elementor-widget-container\">\n\t\t\t<style>\/*! elementor - v3.23.0 - 05-08-2024 *\/\n.elementor-column .elementor-spacer-inner{height:var(--spacer-size)}.e-con{--container-widget-width:100%}.e-con-inner>.elementor-widget-spacer,.e-con>.elementor-widget-spacer{width:var(--container-widget-width,var(--spacer-size));--align-self:var(--container-widget-align-self,initial);--flex-shrink:0}.e-con-inner>.elementor-widget-spacer>.elementor-widget-container,.e-con>.elementor-widget-spacer>.elementor-widget-container{height:100%;width:100%}.e-con-inner>.elementor-widget-spacer>.elementor-widget-container>.elementor-spacer,.e-con>.elementor-widget-spacer>.elementor-widget-container>.elementor-spacer{height:100%}.e-con-inner>.elementor-widget-spacer>.elementor-widget-container>.elementor-spacer>.elementor-spacer-inner,.e-con>.elementor-widget-spacer>.elementor-widget-container>.elementor-spacer>.elementor-spacer-inner{height:var(--container-widget-height,var(--spacer-size))}.e-con-inner>.elementor-widget-spacer.elementor-widget-empty,.e-con>.elementor-widget-spacer.elementor-widget-empty{position:relative;min-height:22px;min-width:22px}.e-con-inner>.elementor-widget-spacer.elementor-widget-empty .elementor-widget-empty-icon,.e-con>.elementor-widget-spacer.elementor-widget-empty .elementor-widget-empty-icon{position:absolute;top:0;bottom:0;left:0;right:0;margin:auto;padding:0;width:22px;height:22px}<\/style>\t\t<div class=\"elementor-spacer\">\n\t\t\t<div class=\"elementor-spacer-inner\"><\/div>\n\t\t<\/div>\n\t\t\t\t<\/div>\n\t\t\t\t<\/div>\n\t\t\t\t<div class=\"elementor-element elementor-element-ed580ec elementor-widget elementor-widget-heading\" data-id=\"ed580ec\" data-element_type=\"widget\" data-widget_type=\"heading.default\">\n\t\t\t\t<div class=\"elementor-widget-container\">\n\t\t\t<style>\/*! elementor - v3.23.0 - 05-08-2024 *\/\n.elementor-heading-title{padding:0;margin:0;line-height:1}.elementor-widget-heading .elementor-heading-title[class*=elementor-size-]>a{color:inherit;font-size:inherit;line-height:inherit}.elementor-widget-heading .elementor-heading-title.elementor-size-small{font-size:15px}.elementor-widget-heading .elementor-heading-title.elementor-size-medium{font-size:19px}.elementor-widget-heading .elementor-heading-title.elementor-size-large{font-size:29px}.elementor-widget-heading .elementor-heading-title.elementor-size-xl{font-size:39px}.elementor-widget-heading .elementor-heading-title.elementor-size-xxl{font-size:59px}<\/style><h2 class=\"elementor-heading-title elementor-size-default\">Leistungsangebot im \u00dcberblick<\/h2>\t\t<\/div>\n\t\t\t\t<\/div>\n\t\t\t\t<div class=\"elementor-element elementor-element-1341e89 elementor-widget elementor-widget-text-editor\" data-id=\"1341e89\" data-element_type=\"widget\" data-widget_type=\"text-editor.default\">\n\t\t\t\t<div class=\"elementor-widget-container\">\n\t\t\t<style>\/*! elementor - v3.23.0 - 05-08-2024 *\/\n.elementor-widget-text-editor.elementor-drop-cap-view-stacked .elementor-drop-cap{background-color:#69727d;color:#fff}.elementor-widget-text-editor.elementor-drop-cap-view-framed .elementor-drop-cap{color:#69727d;border:3px solid;background-color:transparent}.elementor-widget-text-editor:not(.elementor-drop-cap-view-default) .elementor-drop-cap{margin-top:8px}.elementor-widget-text-editor:not(.elementor-drop-cap-view-default) .elementor-drop-cap-letter{width:1em;height:1em}.elementor-widget-text-editor .elementor-drop-cap{float:left;text-align:center;line-height:1;font-size:50px}.elementor-widget-text-editor .elementor-drop-cap-letter{display:inline-block}<\/style>\t\t\t\t<ul><li>Individuelle Betreuung in der Praxis und telefonische rund-um-die-Uhr Beratung von Patienten mit Leber-Magen-Darmerkrankungen und Stoffwechselst\u00f6rungen.<\/li><li>standardisierte und individuelle Therapieangebote<\/li><li>Lebensstil- und Ern\u00e4hrungsberatung<\/li><li>alle modernen und konventionellen diagnostischen Verfahren zur Erkennung von internischen-, gastroenterologischen- und Stoffwechsel-Erkrankungen:<ul><li>alle Laboruntersuchungen einschlie\u00dflich Tests\u00a0zur Erkennung von Nahrungsmittelunvertr\u00e4glichkeiten<\/li><li>Vorsorge- und Routine-Checkup Untersuchungen<\/li><li>Stuhltests<\/li><li>Ultraschalluntersuchung der Bauchorgane<\/li><li>Prostata-Ultraschall<\/li><li>Sonographie der Blutgef\u00e4\u00dfe<\/li><li>Echokardiographie<\/li><\/ul><\/li><li>Wir verf\u00fcgen \u00fcber sehr gute Kooperationen mit Schwerpunktkliniken, einschlie\u00dflich der chirurgischen Abteilung der Stadtklinik Baden-Baden und der Universit\u00e4tsklinik in Heidelberg. Bei Bedarf vermitteln wir unsere Patienten auch an Abteilungen, die anspruchsvolle endoskopische Verfahren bei Spezialindikationen anbieten. Die intakte und gute Kommunikation mit niedergelassenen \u00c4rzten im Umfeld ist unsere Lebensader. Unser Service beinhaltet unmittelbare Kontaktaufnahme mit den zuweisenden \u00c4rzten, den Chirurgen und Tumorspezialisten und nat\u00fcrlich den Patienten und ihren Angeh\u00f6rigen. Wir legen gro\u00dfen Wert auf ein sehr pers\u00f6nliches und vertrauensvolles Verh\u00e4ltnis<\/li><li>Folgende Krankheitsbilder sind unsere St\u00e4rken:<ul><li>Reizdarm<\/li><li>Verdauungsst\u00f6rungen\/ Nahrungsmittelunvertr\u00e4glichkeiten<\/li><li>Gastritis und \u00d6sophagitis<\/li><li>chronisch entz\u00fcndliche Darmerkrankungen (Morbus Crohn und Colitis ulcerosa)<\/li><li>Tumorsuche<\/li><li>Lebererkrankungen, einschlie\u00dflich Fettleber und Fettleberhepatitis, Virushepatitiden, die Stoffwechselerkrankungen H\u00e4mochromatose und Morbus Wilson, Erkrankungen der Gallenwege, Leberzirrhose und Begleitung von Patienten vor- und nach einer Lebertransplantation<\/li><li>di\u00e4tetische Beratung<\/li><li>Stoffwechselerkrankungen<\/li><\/ul><\/li><\/ul>\t\t\t\t\t\t<\/div>\n\t\t\t\t<\/div>\n\t\t\t\t<div class=\"elementor-element elementor-element-944011c elementor-widget elementor-widget-spacer\" data-id=\"944011c\" data-element_type=\"widget\" data-widget_type=\"spacer.default\">\n\t\t\t\t<div class=\"elementor-widget-container\">\n\t\t\t\t\t<div class=\"elementor-spacer\">\n\t\t\t<div class=\"elementor-spacer-inner\"><\/div>\n\t\t<\/div>\n\t\t\t\t<\/div>\n\t\t\t\t<\/div>\n\t\t\t\t\t<\/div>\n\t\t<\/div>\n\t\t\t\t\t<\/div>\n\t\t<\/section>\n\t\t\t\t<\/div>\n\t\t","protected":false},"excerpt":{"rendered":"<p>Leistungsangebot im \u00dcberblick Individuelle Betreuung in der Praxis und telefonische rund-um-die-Uhr Beratung von Patienten mit Leber-Magen-Darmerkrankungen und Stoffwechselst\u00f6rungen. standardisierte und individuelle Therapieangebote Lebensstil- und Ern\u00e4hrungsberatung alle modernen und konventionellen diagnostischen Verfahren zur Erkennung von internischen-, gastroenterologischen- und Stoffwechsel-Erkrankungen: alle Laboruntersuchungen einschlie\u00dflich Tests\u00a0zur Erkennung von Nahrungsmittelunvertr\u00e4glichkeiten Vorsorge- und Routine-Checkup Untersuchungen Stuhltests Ultraschalluntersuchung der Bauchorgane Prostata-Ultraschall Sonographie [&hellip;]<\/p>\n","protected":false},"author":1,"featured_media":0,"parent":0,"menu_order":0,"comment_status":"closed","ping_status":"closed","template":"","meta":[],"_links":{"self":[{"href":"https:\/\/innere-medizin-stremmel.de\/index.php?rest_route=\/wp\/v2\/pages\/18"}],"collection":[{"href":"https:\/\/innere-medizin-stremmel.de\/index.php?rest_route=\/wp\/v2\/pages"}],"about":[{"href":"https:\/\/innere-medizin-stremmel.de\/index.php?rest_route=\/wp\/v2\/types\/page"}],"author":[{"embeddable":true,"href":"https:\/\/innere-medizin-stremmel.de\/index.php?rest_route=\/wp\/v2\/users\/1"}],"replies":[{"embeddable":true,"href":"https:\/\/innere-medizin-stremmel.de\/index.php?rest_route=%2Fwp%2Fv2%2Fcomments&post=18"}],"version-history":[{"count":19,"href":"https:\/\/innere-medizin-stremmel.de\/index.php?rest_route=\/wp\/v2\/pages\/18\/revisions"}],"predecessor-version":[{"id":209,"href":"https:\/\/innere-medizin-stremmel.de\/index.php?rest_route=\/wp\/v2\/pages\/18\/revisions\/209"}],"wp:attachment":[{"href":"https:\/\/innere-medizin-stremmel.de\/index.php?rest_route=%2Fwp%2Fv2%2Fmedia&parent=18"}],"curies":[{"name":"wp","href":"https:\/\/api.w.org\/{rel}","templated":true}]}}